{"id":170,"date":"2017-06-13T16:27:18","date_gmt":"2017-06-13T13:27:18","guid":{"rendered":"http:\/\/niemelankyla.net\/?page_id=170"},"modified":"2026-05-04T10:47:24","modified_gmt":"2026-05-04T07:47:24","slug":"kylayhdistys","status":"publish","type":"page","link":"https:\/\/niemelankyla.net\/index.php\/kylayhdistys\/","title":{"rendered":"Kyl\u00e4yhdistys"},"content":{"rendered":"<h2>Niemel\u00e4nkyl\u00e4n kyl\u00e4yhdistys<\/h2>\n<p style=\"text-align: left;\">Niemel\u00e4nkyl\u00e4n kyl\u00e4yhdistys on toiminut jo vuosien ajan j\u00e4rjest\u00e4en kyl\u00e4l\u00e4isille tapahtumia, retki\u00e4, kursseja yms. Kyl\u00e4yhdistyksen tapahtumista suurin osa j\u00e4rjestet\u00e4\u00e4n koulun tiloissa tai pihalla ja usein koulun henkil\u00f6kunta on mukana j\u00e4rjestelyiss\u00e4.<br \/>\nKyl\u00e4n\u00e4yttelij\u00f6iden katoksen valmistuminen mahdollisti erilaisten tapahtumien j\u00e4rjest\u00e4misen.<\/p>\n<hr \/>\n<h2>Niemel\u00e4nkyl\u00e4n kyl\u00e4puisto eli Kustinpuisto<\/h2>\n<p>Kustinpuisto, joka valmistui vuonna 2006, on kyl\u00e4l\u00e4isten yhteinen paikka, jossa voi istahtaa puistonpenkille tai vaikka kokoontua p\u00f6yd\u00e4n \u00e4\u00e4reen vaihtamaan kuulumisia. Grilli\u00e4 saa k\u00e4ytt\u00e4\u00e4 vapaasti. Tuo tullessasi omat polttopuut ja makkaratikut.<br \/>\nToivomme, ett\u00e4 k\u00e4ytt\u00e4j\u00e4t viev\u00e4t roskansa pois ja muistavat pit\u00e4\u00e4 osaltansa hyv\u00e4\u00e4 huolta puistosta ja v\u00e4lineist\u00e4. Vuosittain j\u00e4rjestett\u00e4vill\u00e4 talkoilla kunnostetaan puistoa; talkooporukkaan kaipaamme uusia innokkaita kyl\u00e4l\u00e4isi\u00e4. Kyl\u00e4yhdistys palkkaa lis\u00e4ksi kes\u00e4ty\u00f6ntekij\u00e4n kyl\u00e4n omista nuorista hoitamaan puistoa ja nurmikkoa. Kes\u00e4t\u00f6ist\u00e4 voi kysell\u00e4 hallituksen j\u00e4senilt\u00e4.<\/p>\n<hr \/>\n<h2>Kutomatupa<\/h2>\n<p>Kutomatuvalla Niemel\u00e4n koulun kellarissa voit k\u00e4yd\u00e4 kutomassa mattoja. liinoja yms. Asiantuntevia neuvoja tuvan toiminnasta ja kutomisesta saat parhaiten tiistaisin klo 11-14, kun tuvalla pidet\u00e4\u00e4n ns. k\u00f6kk\u00e4p\u00e4iv\u00e4.<\/p>\n<p>K\u00e4yk\u00e4\u00e4h\u00e4n katsomassa ja kutomassa!<\/p>\n<p>Lis\u00e4tietoja<\/p>\n<ul>\n<li>Elsa Paavonper\u00e4 0407209402<\/li>\n<li>Kati Sorvisto 0400382895<\/li>\n<\/ul>\n<hr \/>\n<h2>Kekan avantouinti<\/h2>\n<p>Niemel\u00e4nkyl\u00e4n kyl\u00e4yhdistys osallistuu Ylivieskan Ladun kanssa yhteisty\u00f6ss\u00e4 Kekan avantouintisaunojen l\u00e4mmitykseen. L\u00e4mmitysvuoro on kyl\u00e4yhdistyksell\u00e4 joka toinen sunnuntai. L\u00e4mmitt\u00e4jin\u00e4 toimivat koululaisten vanhemmat. Kertyneet varat ohjataan luokkaretkirahastoihin.<\/p>\n<hr \/>\n<p><span style=\"color: #00ccff;\"><strong>Kyl\u00e4yhdistys vuokraa<\/strong><\/span> muun muassa ruoka\/kahvikalustoa ja painehuuhtelulaitetta. Vuokrauksen yhteystiedot l\u00f6ytyv\u00e4t kotisivuilta osiosta Kyl\u00e4yhdistys vuokraa.<\/p>\n<p>LINKIT:<br \/>\n<a href=\"https:\/\/niemelankyla.net\/index.php\/kylayhdistys\/keka\/\">Ohjeita Kekan saunanl\u00e4mmitt\u00e4jille<\/a><br \/>\n<a href=\"https:\/\/niemelankyla.net\/index.php\/kylayhdistys\/kylayhdistys-vuokraa\/\">Kyl\u00e4yhdistys vuokraa<\/a><\/p>\n<h2 style=\"text-align: center;\"><\/h2>\n","protected":false},"excerpt":{"rendered":"<p>Niemel\u00e4nkyl\u00e4n kyl\u00e4yhdistys Niemel\u00e4nkyl\u00e4n kyl\u00e4yhdistys on toiminut jo vuosien ajan j\u00e4rjest\u00e4en kyl\u00e4l\u00e4isille tapahtumia, retki\u00e4, kursseja yms. Kyl\u00e4yhdistyksen tapahtumista suurin osa j\u00e4rjestet\u00e4\u00e4n koulun tiloissa tai pihalla ja usein koulun henkil\u00f6kunta on mukana j\u00e4rjestelyiss\u00e4. Kyl\u00e4n\u00e4yttelij\u00f6iden katoksen valmistuminen mahdollisti erilaisten tapahtumien j\u00e4rjest\u00e4misen. Niemel\u00e4nkyl\u00e4n kyl\u00e4puisto eli Kustinpuisto Kustinpuisto, joka valmistui vuonna 2006, on kyl\u00e4l\u00e4isten yhteinen paikka, jossa voi istahtaa puistonpenkille&#8230;<\/p>\n","protected":false},"author":1,"featured_media":0,"parent":0,"menu_order":0,"comment_status":"closed","ping_status":"closed","template":"","meta":{"_kad_post_transparent":"","_kad_post_title":"","_kad_post_layout":"","_kad_post_sidebar_id":"","_kad_post_content_style":"","_kad_post_vertical_padding":"","_kad_post_feature":"","_kad_post_feature_position":"","_kad_post_header":false,"_kad_post_footer":false,"_kad_post_classname":"","two_page_speed":[],"footnotes":""},"class_list":["post-170","page","type-page","status-publish","hentry"],"_links":{"self":[{"href":"https:\/\/niemelankyla.net\/index.php\/wp-json\/wp\/v2\/pages\/170","targetHints":{"allow":["GET"]}}],"collection":[{"href":"https:\/\/niemelankyla.net\/index.php\/wp-json\/wp\/v2\/pages"}],"about":[{"href":"https:\/\/niemelankyla.net\/index.php\/wp-json\/wp\/v2\/types\/page"}],"author":[{"embeddable":true,"href":"https:\/\/niemelankyla.net\/index.php\/wp-json\/wp\/v2\/users\/1"}],"replies":[{"embeddable":true,"href":"https:\/\/niemelankyla.net\/index.php\/wp-json\/wp\/v2\/comments?post=170"}],"version-history":[{"count":11,"href":"https:\/\/niemelankyla.net\/index.php\/wp-json\/wp\/v2\/pages\/170\/revisions"}],"predecessor-version":[{"id":929,"href":"https:\/\/niemelankyla.net\/index.php\/wp-json\/wp\/v2\/pages\/170\/revisions\/929"}],"wp:attachment":[{"href":"https:\/\/niemelankyla.net\/index.php\/wp-json\/wp\/v2\/media?parent=170"}],"curies":[{"name":"wp","href":"https:\/\/api.w.org\/{rel}","templated":true}]}}