{"id":176,"date":"2017-06-13T16:28:53","date_gmt":"2017-06-13T13:28:53","guid":{"rendered":"http:\/\/niemelankyla.net\/?page_id=176"},"modified":"2024-07-20T12:04:22","modified_gmt":"2024-07-20T09:04:22","slug":"yhteystiedot","status":"publish","type":"page","link":"https:\/\/niemelankyla.net\/index.php\/yhteystiedot\/","title":{"rendered":"Yhteystiedot"},"content":{"rendered":"<h2 style=\"text-align: center;\"><span style=\"color: #3366ff;\">Yhteystiedot<\/span><\/h2>\n<ul>\n<li>Eeva Voltti, puheenjohtaja<\/li>\n<li>Jenna Keskisipil\u00e4, sihteeri<\/li>\n<li>Iida Rautakoski, rahastonhoitaja<\/li>\n<\/ul>\n<p>Niemel\u00e4nkyl\u00e4n kyl\u00e4yhdistyksen tilitiedot:<br \/>\n<strong>POP FI5947543020019307<\/strong><\/p>\n<hr \/>\n<h2><span style=\"color: #993366;\">Niemel\u00e4nkyl\u00e4n kyl\u00e4yhdistyksen hallitus 2024:<\/span><\/h2>\n<ul>\n<li>Eeva Voltti, puheenjohtaja<\/li>\n<li>Nikolas Marjakangas<\/li>\n<li>Topi Rautakoski<\/li>\n<li>Jonna Tuura<\/li>\n<li>Jenna Keskisipil\u00e4, sihteeri<\/li>\n<li>koulun edustaja<\/li>\n<li>Jaana H\u00e4iv\u00e4l\u00e4, varaj\u00e4sen<\/li>\n<\/ul>\n<p>rahastonhoitaja : Iida Rautakoski<\/p>\n<hr \/>\n","protected":false},"excerpt":{"rendered":"<p>Yhteystiedot Eeva Voltti, puheenjohtaja Jenna Keskisipil\u00e4, sihteeri Iida Rautakoski, rahastonhoitaja Niemel\u00e4nkyl\u00e4n kyl\u00e4yhdistyksen tilitiedot: POP FI5947543020019307 Niemel\u00e4nkyl\u00e4n kyl\u00e4yhdistyksen hallitus 2024: Eeva Voltti, puheenjohtaja Nikolas Marjakangas Topi Rautakoski Jonna Tuura Jenna Keskisipil\u00e4, sihteeri koulun edustaja Jaana H\u00e4iv\u00e4l\u00e4, varaj\u00e4sen rahastonhoitaja : Iida Rautakoski<\/p>\n","protected":false},"author":1,"featured_media":0,"parent":0,"menu_order":0,"comment_status":"closed","ping_status":"closed","template":"","meta":{"footnotes":""},"class_list":["post-176","page","type-page","status-publish","hentry"],"_links":{"self":[{"href":"https:\/\/niemelankyla.net\/index.php\/wp-json\/wp\/v2\/pages\/176","targetHints":{"allow":["GET"]}}],"collection":[{"href":"https:\/\/niemelankyla.net\/index.php\/wp-json\/wp\/v2\/pages"}],"about":[{"href":"https:\/\/niemelankyla.net\/index.php\/wp-json\/wp\/v2\/types\/page"}],"author":[{"embeddable":true,"href":"https:\/\/niemelankyla.net\/index.php\/wp-json\/wp\/v2\/users\/1"}],"replies":[{"embeddable":true,"href":"https:\/\/niemelankyla.net\/index.php\/wp-json\/wp\/v2\/comments?post=176"}],"version-history":[{"count":23,"href":"https:\/\/niemelankyla.net\/index.php\/wp-json\/wp\/v2\/pages\/176\/revisions"}],"predecessor-version":[{"id":917,"href":"https:\/\/niemelankyla.net\/index.php\/wp-json\/wp\/v2\/pages\/176\/revisions\/917"}],"wp:attachment":[{"href":"https:\/\/niemelankyla.net\/index.php\/wp-json\/wp\/v2\/media?parent=176"}],"curies":[{"name":"wp","href":"https:\/\/api.w.org\/{rel}","templated":true}]}}