{"id":182,"date":"2017-06-13T16:30:49","date_gmt":"2017-06-13T13:30:49","guid":{"rendered":"http:\/\/niemelankyla.net\/?page_id=182"},"modified":"2025-11-28T09:31:52","modified_gmt":"2025-11-28T07:31:52","slug":"keka","status":"publish","type":"page","link":"https:\/\/niemelankyla.net\/index.php\/kylayhdistys\/keka\/","title":{"rendered":"Keka"},"content":{"rendered":"<h2 style=\"text-align: center;\"><span style=\"color: #800080;\">OHJEITA KEKAN SAUNANL\u00c4MMITT\u00c4JILLE<br \/>\n<\/span><\/h2>\n<h3>AUKIOLOAJAT SUNNUNTAISIN KLO 12 \u2013 17<\/h3>\n<p>Saunat on hyv\u00e4 laittaa l\u00e4mpi\u00e4m\u00e4\u00e4n n. 2 tuntia aukioloaikaa aikaisemmin, joten muistathan tulla ajoissa paikalle. Alasauna t\u00e4ytyy pit\u00e4\u00e4 kuumana koko ajan. Alasaunan lattialle ei saa laskea vett\u00e4, j\u00e4\u00e4tyy!!! Jos k\u00e4vij\u00f6it\u00e4 on v\u00e4h\u00e4n, yl\u00e4saunaa ei tarvitse pit\u00e4\u00e4 kovin kuumana. Laita vett\u00e4 s\u00e4ili\u00f6\u00f6n, josta otetaan l\u00f6ylyvesi. Laita my\u00f6s laituri ja avanto uintikuntoon. Tarkista, ett\u00e4 pumppu py\u00f6rii avannossa. M\u00f6kin sis\u00e4ll\u00e4 takassa voi pit\u00e4\u00e4 tulta koko ajan, jos ilma on kylm\u00e4. Tarkista saunan eteisess\u00e4 pattereiden l\u00e4mp\u00f6 tarpeen mukaan.<\/p>\n<p>J\u00e4t\u00e4 perusl\u00e4mp\u00f6 p\u00e4\u00e4lle l\u00e4htiess\u00e4si. Saunapuut ovat ylh\u00e4\u00e4ll\u00e4, joten niit\u00e4 voi hakea sielt\u00e4. L\u00e4htiess\u00e4si huolehdi, ett\u00e4 saunoihin j\u00e4\u00e4 t\u00e4ydet puukorit seuraavaa l\u00e4mmitt\u00e4j\u00e4\u00e4 varten.<\/p>\n<p>Uintimaksu on 5,00 euroa\/aikuinen, alle 16-vuotiaat ilmaiseksi.<\/p>\n<p>P\u00f6yd\u00e4ll\u00e4 on maksulipas ja l\u00e4mmint\u00e4 mehua. Mehun voit keitt\u00e4\u00e4 ja laittaa tarjolle termoskannuun (jos sinulla on ylim\u00e4\u00e4r\u00e4ist\u00e4 kotimehua, voisit lis\u00e4t\u00e4 sit\u00e4 tiivisteeseen antamaan makua ja v\u00e4ri\u00e4)<\/p>\n<ul>\n<li><span style=\"color: #ff0000;\">Muista sulkemisajan j\u00e4lkeen tyhjent\u00e4\u00e4 s\u00e4ili\u00f6t! \u00c4l\u00e4 kaada vett\u00e4 lattialle, jottei se j\u00e4\u00e4dy.<\/span><\/li>\n<\/ul>\n<p>Laske lopuksi p\u00e4iv\u00e4n tuotto, kuittaa summa vihkoon ja vie rahat koululle opettajalle.<\/p>\n<p>Rahat tilitet\u00e4\u00e4n vanhempainryhm\u00e4n tilille ja niill\u00e4 toteutetaan koululaisten luokkaretki\u00e4 (summasta v\u00e4hennet\u00e4\u00e4n 20 % puumaksua kaupungille).<\/p>\n<p>Vie Keka-kassi (sis. mehukanisteri, motit, tyhj\u00e4 \u2019lompakko\u2019, vihre\u00e4 vihko ja avaimet)<\/p>\n<ul>\n<li>&#8211; seuraavalle l\u00e4mmitt\u00e4j\u00e4lle tai<\/li>\n<li>&#8211; koululle ip-kerhoon koulup\u00e4ivin\u00e4 ennen klo 16.00<br \/>\n(koulunk\u00e4ynninohjaaja Ninetta Haapalalle)<br \/>\nKun mehu ja\/tai motit ovat v\u00e4hiss\u00e4, ilmoita Eevalle.<\/li>\n<\/ul>\n<p>Mik\u00e4li jotain on rikki, puut loppu, roskas\u00e4ili\u00f6 t\u00e4ynn\u00e4 tms, ilmoita maanantaina nuorisotoimistoon Elisalle. Kiireellisiss\u00e4 tapauksissa ota yhteytt\u00e4 p\u00e4ivyst\u00e4v\u00e4\u00e4n laitosmieheen.<\/p>\n<hr \/>\n<ul>\n<li><strong>P\u00c4IVYST\u00c4V\u00c4 LAITOSMIES 044-429 4517<\/strong><\/li>\n<li><strong>ELISA M\u00c4NNIST\u00d6 044-429 4355<\/strong><\/li>\n<li><strong>EEVA VOLTTI 040-537 0332<\/strong><\/li>\n<\/ul>\n<hr \/>\n","protected":false},"excerpt":{"rendered":"<p>OHJEITA KEKAN SAUNANL\u00c4MMITT\u00c4JILLE AUKIOLOAJAT SUNNUNTAISIN KLO 12 \u2013 17 Saunat on hyv\u00e4 laittaa l\u00e4mpi\u00e4m\u00e4\u00e4n n. 2 tuntia aukioloaikaa aikaisemmin, joten muistathan tulla ajoissa paikalle. Alasauna t\u00e4ytyy pit\u00e4\u00e4 kuumana koko ajan. Alasaunan lattialle ei saa laskea vett\u00e4, j\u00e4\u00e4tyy!!! Jos k\u00e4vij\u00f6it\u00e4 on v\u00e4h\u00e4n, yl\u00e4saunaa ei tarvitse pit\u00e4\u00e4 kovin kuumana. Laita vett\u00e4 s\u00e4ili\u00f6\u00f6n, josta otetaan l\u00f6ylyvesi. Laita my\u00f6s [&hellip;]<\/p>\n","protected":false},"author":1,"featured_media":0,"parent":170,"menu_order":0,"comment_status":"closed","ping_status":"closed","template":"","meta":{"footnotes":""},"class_list":["post-182","page","type-page","status-publish","hentry"],"_links":{"self":[{"href":"https:\/\/niemelankyla.net\/index.php\/wp-json\/wp\/v2\/pages\/182","targetHints":{"allow":["GET"]}}],"collection":[{"href":"https:\/\/niemelankyla.net\/index.php\/wp-json\/wp\/v2\/pages"}],"about":[{"href":"https:\/\/niemelankyla.net\/index.php\/wp-json\/wp\/v2\/types\/page"}],"author":[{"embeddable":true,"href":"https:\/\/niemelankyla.net\/index.php\/wp-json\/wp\/v2\/users\/1"}],"replies":[{"embeddable":true,"href":"https:\/\/niemelankyla.net\/index.php\/wp-json\/wp\/v2\/comments?post=182"}],"version-history":[{"count":11,"href":"https:\/\/niemelankyla.net\/index.php\/wp-json\/wp\/v2\/pages\/182\/revisions"}],"predecessor-version":[{"id":920,"href":"https:\/\/niemelankyla.net\/index.php\/wp-json\/wp\/v2\/pages\/182\/revisions\/920"}],"up":[{"embeddable":true,"href":"https:\/\/niemelankyla.net\/index.php\/wp-json\/wp\/v2\/pages\/170"}],"wp:attachment":[{"href":"https:\/\/niemelankyla.net\/index.php\/wp-json\/wp\/v2\/media?parent=182"}],"curies":[{"name":"wp","href":"https:\/\/api.w.org\/{rel}","templated":true}]}}