{"id":955,"date":"2026-05-05T17:17:22","date_gmt":"2026-05-05T14:17:22","guid":{"rendered":"https:\/\/niemelankyla.net\/?page_id=955"},"modified":"2026-05-05T17:17:23","modified_gmt":"2026-05-05T14:17:23","slug":"kartta","status":"publish","type":"page","link":"https:\/\/niemelankyla.net\/index.php\/kartta\/","title":{"rendered":"KARTTA"},"content":{"rendered":"\n<p>Kyl\u00e4n rajojen l\u00e4hde karttapaikka <a href=\"https:\/\/asiointi.maanmittauslaitos.fi\/karttapaikka\/?lang=fi\">Karttapaikka &#8211; Maanmittauslaitos<\/a>. Kyseess\u00e4 ns. historialliset rajat, eli kaikki kiinteist\u00f6t joiden tunnus on 977-403-x-xx. Kartta on suuntaa-antava.<\/p>\n\n\n\n<div style=\"aspect-ratio: 1 \/ 1;\">\n  <iframe style=\"width: 100%; height: 100%; border: 0;\" allowfullscreen allow=\"geolocation\" src=\"\/\/umap.openstreetmap.fr\/en\/map\/nimeamaton-kartta_1401005?scaleControl=false&#038;miniMap=false&#038;scrollWheelZoom=true&#038;zoomControl=true&#038;editMode=disabled&#038;moreControl=false&#038;searchControl=null&#038;tilelayersControl=null&#038;embedControl=null&#038;datalayersControl=null&#038;onLoadPanel=none&#038;captionBar=false&#038;captionMenus=false&#038;homeControl=false&#038;captionControl=null#11\/64.094108\/24.646454\"><\/iframe>\n<\/div>\n<p><a href=\"\/\/umap.openstreetmap.fr\/en\/map\/nimeamaton-kartta_1401005?scaleControl=false&#038;miniMap=false&#038;scrollWheelZoom=true&#038;zoomControl=true&#038;editMode=disabled&#038;moreControl=false&#038;searchControl=null&#038;tilelayersControl=null&#038;embedControl=null&#038;datalayersControl=null&#038;onLoadPanel=none&#038;captionBar=false&#038;captionMenus=false&#038;homeControl=false&#038;captionControl=null#11\/64.094108\/24.646454\">See full screen<\/a><\/p>\n","protected":false},"excerpt":{"rendered":"<p>Kyl\u00e4n rajojen l\u00e4hde karttapaikka Karttapaikka &#8211; Maanmittauslaitos. Kyseess\u00e4 ns. historialliset rajat, eli kaikki kiinteist\u00f6t joiden tunnus on 977-403-x-xx. Kartta on&hellip;<\/p>\n","protected":false},"author":1,"featured_media":0,"parent":0,"menu_order":0,"comment_status":"closed","ping_status":"closed","template":"","meta":{"two_page_speed":[],"footnotes":""},"class_list":["post-955","page","type-page","status-publish","hentry"],"_links":{"self":[{"href":"https:\/\/niemelankyla.net\/index.php\/wp-json\/wp\/v2\/pages\/955","targetHints":{"allow":["GET"]}}],"collection":[{"href":"https:\/\/niemelankyla.net\/index.php\/wp-json\/wp\/v2\/pages"}],"about":[{"href":"https:\/\/niemelankyla.net\/index.php\/wp-json\/wp\/v2\/types\/page"}],"author":[{"embeddable":true,"href":"https:\/\/niemelankyla.net\/index.php\/wp-json\/wp\/v2\/users\/1"}],"replies":[{"embeddable":true,"href":"https:\/\/niemelankyla.net\/index.php\/wp-json\/wp\/v2\/comments?post=955"}],"version-history":[{"count":2,"href":"https:\/\/niemelankyla.net\/index.php\/wp-json\/wp\/v2\/pages\/955\/revisions"}],"predecessor-version":[{"id":957,"href":"https:\/\/niemelankyla.net\/index.php\/wp-json\/wp\/v2\/pages\/955\/revisions\/957"}],"wp:attachment":[{"href":"https:\/\/niemelankyla.net\/index.php\/wp-json\/wp\/v2\/media?parent=955"}],"curies":[{"name":"wp","href":"https:\/\/api.w.org\/{rel}","templated":true}]}}